{"id":221,"date":"2023-05-17T12:09:29","date_gmt":"2023-05-17T10:09:29","guid":{"rendered":"https:\/\/www.d-day-publishing.com\/?post_type=product&#038;p=221"},"modified":"2025-10-10T13:17:17","modified_gmt":"2025-10-10T11:17:17","slug":"burning-bridges-bridges-are-ours-en","status":"publish","type":"product","link":"https:\/\/www.d-day-publishing.com\/en\/produit\/burning-bridges-bridges-are-ours-en\/","title":{"rendered":"BURNING BRIDGES + BRIDGES ARE OURS"},"content":{"rendered":"<p>Michel De Trez and Peter Hendrikx have compiled the complete pictorial history of the 82nd\u00a0Airborne Division during Operation Market Garden and its aftermath. \u201c<strong>Burning Bridges<\/strong>\u201d (volume 1) and \u201c<strong>Bridges Are Ours<\/strong>\u201d (volume 2) are the culmination of 35 years of airborne history research and contains 976 pages and over 1,600 photographs, most of which have never been published before. All photos are identified either by date, location, name of individual soldiers, equipment, or historical context. Often all these leads have been identified. This resulted in erudite and extensive captions.<br \/>\nRare identified airborne equipment, documents and artifacts from the\u00a0December44\u00a0and\u00a0D-Day Experience\u00a0Museums\u2019 collections and local collections are spread throughout the book.<\/p>\n<p>Although the authors\u2019 intentions were to compile a pictorial history, extensive research in American and British archives also lead to a better understanding of why Operation Market Garden ultimately failed in its mission.<\/p>\n<p>\u201c<strong>Burning Bridges<\/strong>\u201d begins with the introduction, where the decision-making process that led to Operation Market Garden is explained in great detail. The subsequent chapters discuss the preparations in the marshalling areas in England, the activities of the Pathfinders, and the boarding of the aircraft by all paratroop regiments and battalions. The glider lifts are also well covered by many newly discovered photographs.<\/p>\n<p>After the entire division was airborne, \u201c<strong>Burning Bridges<\/strong>\u201d continues with the actual drops at the drop- and landing zones as well as the first two days of combat. The drop of the 504th\u00a0Regiment and the capture of the Grave Bridge and the bridges over the Maas-Waal Canal are covered first. Hundreds of photographs, documents and artifacts tell the successful story of the capture of the bridges. The landings of the 505th\u00a0and 508th\u00a0Regiments on Drop Zones N and T in Groesbeek, east of Nijmegen are also covered. The Germans were overwhelmed and resistance was still negligible. It was the quiet before the storm.<\/p>\n<p>\u201c<strong>Bridges are Ours<\/strong>\u201d begins with the fight for the Nijmegen bridges. Roughly, five different attacks took place and each is dealt with in great detail. The main attacks on September 19 and 20, when the 2nd\u00a0Battalion of the 505th\u00a0Regiment, supported by British tanks, attacked both the railway and the road bridges from the south are discussed in detail. When the German defenders would not budge, the 504th\u00a0Regiment was ordered to cross the Waal River in small boats, an action called by many one of the most heroic actions of WW2. De Trez and Hendrikx untangle the decision-making process of the Waal crossing and provide a detailed description, illustrated with many artifacts. After the 82nd\u00a0Division accomplished all its missions, the last regiment is inserted in the fight. The 325th\u00a0Glider Regiment was delayed for many days due to bad weather and dangerous planning. However, in the defensive battles that followed, the 325th\u00a0Regiment played an important role.<\/p>\n<p>\u201c<strong>Bridges Are Our<\/strong>s\u201d continues with the defensive battles of the 504th, 505th\u00a0and 508th\u00a0Regiments and its supporting artillery battalions. The activities of the glider pilots, members of the Air Force who were called upon to perform as infantry, are also covered. Many newly discovered photos tell a story of danger and misery. Units of the Division Headquarters, such as the Military Police, the Signalmen and the Medical Battalion are also well documented in \u201cBridges Are Ours\u201d. The final chapter provides a critical assessment of the leading commanders of Operation Market Garden and their roles in the decision-making process and the execution of the operation. Sources in British and American archives shed new light on the historiography of Operation Market Garden.<\/p>","protected":false},"excerpt":{"rendered":"<p>BURNING BRIDGES and BRIDGES ARE OURS are the brand new sixth and seventh volumes of the &#8220;Operations&#8221; series.<em><br \/>\n<\/em><\/p>\n","protected":false},"featured_media":288,"comment_status":"open","ping_status":"closed","template":"","meta":{"_acf_changed":false},"product_brand":[],"product_cat":[22],"product_tag":[],"class_list":{"0":"post-221","1":"product","2":"type-product","3":"status-publish","4":"has-post-thumbnail","6":"product_cat-hollande","8":"first","9":"instock","10":"sale","11":"taxable","12":"shipping-taxable","13":"purchasable","14":"product-type-simple"},"acf":[],"yoast_head":"<!-- This site is optimized with the Yoast SEO plugin v26.2 - https:\/\/yoast.com\/wordpress\/plugins\/seo\/ -->\n<title>BURNING BRIDGES + BRIDGES ARE OURS - DDay Publishing<\/title>\n<meta name=\"robots\" content=\"index, follow, max-snippet:-1, max-image-preview:large, max-video-preview:-1\" \/>\n<link rel=\"canonical\" href=\"https:\/\/www.d-day-publishing.com\/produit\/burning-bridges-bridges-are-ours-en\/\" \/>\n<meta property=\"og:locale\" content=\"en_US\" \/>\n<meta property=\"og:type\" content=\"article\" \/>\n<meta property=\"og:title\" content=\"BURNING BRIDGES + BRIDGES ARE OURS - DDay Publishing\" \/>\n<meta property=\"og:description\" content=\"[:fr]BURNING BRIDGES et BRIDGES ARE OURS sont les tout nouveaux sixi\u00e8me et septi\u00e8me volumes de la s\u00e9rie &quot;Operations&quot;.  En version anglaise uniquement[:en]BURNING BRIDGES and BRIDGES ARE OURS are the brand new sixth and seventh volumes of the &quot;Operations&quot; series. [:]\" \/>\n<meta property=\"og:url\" content=\"https:\/\/www.d-day-publishing.com\/produit\/burning-bridges-bridges-are-ours-en\/\" \/>\n<meta property=\"og:site_name\" content=\"DDay Publishing\" \/>\n<meta property=\"article:publisher\" content=\"https:\/\/www.facebook.com\/D.Day.Publishing\" \/>\n<meta property=\"article:modified_time\" content=\"2025-10-10T11:17:17+00:00\" \/>\n<meta property=\"og:image\" content=\"https:\/\/www.d-day-publishing.com\/wp-content\/uploads\/2023\/05\/Burning-Bridges-Bridges-are-Ours_1-scaled.jpg\" \/>\n\t<meta property=\"og:image:width\" content=\"2048\" \/>\n\t<meta property=\"og:image:height\" content=\"2560\" \/>\n\t<meta property=\"og:image:type\" content=\"image\/jpeg\" \/>\n<meta name=\"twitter:card\" content=\"summary_large_image\" \/>\n<meta name=\"twitter:label1\" content=\"Est. reading time\" \/>\n\t<meta name=\"twitter:data1\" content=\"4 minutes\" \/>\n<script type=\"application\/ld+json\" class=\"yoast-schema-graph\">{\"@context\":\"https:\/\/schema.org\",\"@graph\":[{\"@type\":\"WebPage\",\"@id\":\"https:\/\/www.d-day-publishing.com\/produit\/burning-bridges-bridges-are-ours-en\/\",\"url\":\"https:\/\/www.d-day-publishing.com\/produit\/burning-bridges-bridges-are-ours-en\/\",\"name\":\"BURNING BRIDGES + BRIDGES ARE OURS - DDay Publishing\",\"isPartOf\":{\"@id\":\"https:\/\/www.d-day-publishing.com\/#website\"},\"primaryImageOfPage\":{\"@id\":\"https:\/\/www.d-day-publishing.com\/produit\/burning-bridges-bridges-are-ours-en\/#primaryimage\"},\"image\":{\"@id\":\"https:\/\/www.d-day-publishing.com\/produit\/burning-bridges-bridges-are-ours-en\/#primaryimage\"},\"thumbnailUrl\":\"https:\/\/www.d-day-publishing.com\/wp-content\/uploads\/2023\/05\/Burning-Bridges-Bridges-are-Ours_1-scaled.jpg\",\"datePublished\":\"2023-05-17T10:09:29+00:00\",\"dateModified\":\"2025-10-10T11:17:17+00:00\",\"breadcrumb\":{\"@id\":\"https:\/\/www.d-day-publishing.com\/produit\/burning-bridges-bridges-are-ours-en\/#breadcrumb\"},\"inLanguage\":\"en-US\",\"potentialAction\":[{\"@type\":\"ReadAction\",\"target\":[\"https:\/\/www.d-day-publishing.com\/produit\/burning-bridges-bridges-are-ours-en\/\"]}]},{\"@type\":\"ImageObject\",\"inLanguage\":\"en-US\",\"@id\":\"https:\/\/www.d-day-publishing.com\/produit\/burning-bridges-bridges-are-ours-en\/#primaryimage\",\"url\":\"https:\/\/www.d-day-publishing.com\/wp-content\/uploads\/2023\/05\/Burning-Bridges-Bridges-are-Ours_1-scaled.jpg\",\"contentUrl\":\"https:\/\/www.d-day-publishing.com\/wp-content\/uploads\/2023\/05\/Burning-Bridges-Bridges-are-Ours_1-scaled.jpg\",\"width\":2048,\"height\":2560},{\"@type\":\"BreadcrumbList\",\"@id\":\"https:\/\/www.d-day-publishing.com\/produit\/burning-bridges-bridges-are-ours-en\/#breadcrumb\",\"itemListElement\":[{\"@type\":\"ListItem\",\"position\":1,\"name\":\"Accueil\",\"item\":\"https:\/\/www.d-day-publishing.com\/\"},{\"@type\":\"ListItem\",\"position\":2,\"name\":\"Boutique\",\"item\":\"https:\/\/www.d-day-publishing.com\/boutique\/\"},{\"@type\":\"ListItem\",\"position\":3,\"name\":\"BURNING BRIDGES + BRIDGES ARE OURS\"}]},{\"@type\":\"WebSite\",\"@id\":\"https:\/\/www.d-day-publishing.com\/#website\",\"url\":\"https:\/\/www.d-day-publishing.com\/\",\"name\":\"DDay Publishing\",\"description\":\"\",\"publisher\":{\"@id\":\"https:\/\/www.d-day-publishing.com\/#organization\"},\"potentialAction\":[{\"@type\":\"SearchAction\",\"target\":{\"@type\":\"EntryPoint\",\"urlTemplate\":\"https:\/\/www.d-day-publishing.com\/?s={search_term_string}\"},\"query-input\":{\"@type\":\"PropertyValueSpecification\",\"valueRequired\":true,\"valueName\":\"search_term_string\"}}],\"inLanguage\":\"en-US\"},{\"@type\":\"Organization\",\"@id\":\"https:\/\/www.d-day-publishing.com\/#organization\",\"name\":\"DDay Publishing\",\"url\":\"https:\/\/www.d-day-publishing.com\/\",\"logo\":{\"@type\":\"ImageObject\",\"inLanguage\":\"en-US\",\"@id\":\"https:\/\/www.d-day-publishing.com\/#\/schema\/logo\/image\/\",\"url\":\"https:\/\/www.d-day-publishing.com\/wp-content\/uploads\/2023\/10\/logoDDayPublishing-impressionNoir-01-3.png\",\"contentUrl\":\"https:\/\/www.d-day-publishing.com\/wp-content\/uploads\/2023\/10\/logoDDayPublishing-impressionNoir-01-3.png\",\"width\":1181,\"height\":743,\"caption\":\"DDay Publishing\"},\"image\":{\"@id\":\"https:\/\/www.d-day-publishing.com\/#\/schema\/logo\/image\/\"},\"sameAs\":[\"https:\/\/www.facebook.com\/D.Day.Publishing\"]}]}<\/script>\n<!-- \/ Yoast SEO plugin. -->","yoast_head_json":{"title":"BURNING BRIDGES + BRIDGES ARE OURS - DDay Publishing","robots":{"index":"index","follow":"follow","max-snippet":"max-snippet:-1","max-image-preview":"max-image-preview:large","max-video-preview":"max-video-preview:-1"},"canonical":"https:\/\/www.d-day-publishing.com\/produit\/burning-bridges-bridges-are-ours-en\/","og_locale":"en_US","og_type":"article","og_title":"BURNING BRIDGES + BRIDGES ARE OURS - DDay Publishing","og_description":"[:fr]BURNING BRIDGES et BRIDGES ARE OURS sont les tout nouveaux sixi\u00e8me et septi\u00e8me volumes de la s\u00e9rie \"Operations\".  En version anglaise uniquement[:en]BURNING BRIDGES and BRIDGES ARE OURS are the brand new sixth and seventh volumes of the \"Operations\" series. [:]","og_url":"https:\/\/www.d-day-publishing.com\/produit\/burning-bridges-bridges-are-ours-en\/","og_site_name":"DDay Publishing","article_publisher":"https:\/\/www.facebook.com\/D.Day.Publishing","article_modified_time":"2025-10-10T11:17:17+00:00","og_image":[{"width":2048,"height":2560,"url":"https:\/\/www.d-day-publishing.com\/wp-content\/uploads\/2023\/05\/Burning-Bridges-Bridges-are-Ours_1-scaled.jpg","type":"image\/jpeg"}],"twitter_card":"summary_large_image","twitter_misc":{"Est. reading time":"4 minutes"},"schema":{"@context":"https:\/\/schema.org","@graph":[{"@type":"WebPage","@id":"https:\/\/www.d-day-publishing.com\/produit\/burning-bridges-bridges-are-ours-en\/","url":"https:\/\/www.d-day-publishing.com\/produit\/burning-bridges-bridges-are-ours-en\/","name":"BURNING BRIDGES + BRIDGES ARE OURS - DDay Publishing","isPartOf":{"@id":"https:\/\/www.d-day-publishing.com\/#website"},"primaryImageOfPage":{"@id":"https:\/\/www.d-day-publishing.com\/produit\/burning-bridges-bridges-are-ours-en\/#primaryimage"},"image":{"@id":"https:\/\/www.d-day-publishing.com\/produit\/burning-bridges-bridges-are-ours-en\/#primaryimage"},"thumbnailUrl":"https:\/\/www.d-day-publishing.com\/wp-content\/uploads\/2023\/05\/Burning-Bridges-Bridges-are-Ours_1-scaled.jpg","datePublished":"2023-05-17T10:09:29+00:00","dateModified":"2025-10-10T11:17:17+00:00","breadcrumb":{"@id":"https:\/\/www.d-day-publishing.com\/produit\/burning-bridges-bridges-are-ours-en\/#breadcrumb"},"inLanguage":"en-US","potentialAction":[{"@type":"ReadAction","target":["https:\/\/www.d-day-publishing.com\/produit\/burning-bridges-bridges-are-ours-en\/"]}]},{"@type":"ImageObject","inLanguage":"en-US","@id":"https:\/\/www.d-day-publishing.com\/produit\/burning-bridges-bridges-are-ours-en\/#primaryimage","url":"https:\/\/www.d-day-publishing.com\/wp-content\/uploads\/2023\/05\/Burning-Bridges-Bridges-are-Ours_1-scaled.jpg","contentUrl":"https:\/\/www.d-day-publishing.com\/wp-content\/uploads\/2023\/05\/Burning-Bridges-Bridges-are-Ours_1-scaled.jpg","width":2048,"height":2560},{"@type":"BreadcrumbList","@id":"https:\/\/www.d-day-publishing.com\/produit\/burning-bridges-bridges-are-ours-en\/#breadcrumb","itemListElement":[{"@type":"ListItem","position":1,"name":"Accueil","item":"https:\/\/www.d-day-publishing.com\/"},{"@type":"ListItem","position":2,"name":"Boutique","item":"https:\/\/www.d-day-publishing.com\/boutique\/"},{"@type":"ListItem","position":3,"name":"BURNING BRIDGES + BRIDGES ARE OURS"}]},{"@type":"WebSite","@id":"https:\/\/www.d-day-publishing.com\/#website","url":"https:\/\/www.d-day-publishing.com\/","name":"DDay Publishing","description":"","publisher":{"@id":"https:\/\/www.d-day-publishing.com\/#organization"},"potentialAction":[{"@type":"SearchAction","target":{"@type":"EntryPoint","urlTemplate":"https:\/\/www.d-day-publishing.com\/?s={search_term_string}"},"query-input":{"@type":"PropertyValueSpecification","valueRequired":true,"valueName":"search_term_string"}}],"inLanguage":"en-US"},{"@type":"Organization","@id":"https:\/\/www.d-day-publishing.com\/#organization","name":"DDay Publishing","url":"https:\/\/www.d-day-publishing.com\/","logo":{"@type":"ImageObject","inLanguage":"en-US","@id":"https:\/\/www.d-day-publishing.com\/#\/schema\/logo\/image\/","url":"https:\/\/www.d-day-publishing.com\/wp-content\/uploads\/2023\/10\/logoDDayPublishing-impressionNoir-01-3.png","contentUrl":"https:\/\/www.d-day-publishing.com\/wp-content\/uploads\/2023\/10\/logoDDayPublishing-impressionNoir-01-3.png","width":1181,"height":743,"caption":"DDay Publishing"},"image":{"@id":"https:\/\/www.d-day-publishing.com\/#\/schema\/logo\/image\/"},"sameAs":["https:\/\/www.facebook.com\/D.Day.Publishing"]}]}},"_links":{"self":[{"href":"https:\/\/www.d-day-publishing.com\/en\/wp-json\/wp\/v2\/product\/221","targetHints":{"allow":["GET"]}}],"collection":[{"href":"https:\/\/www.d-day-publishing.com\/en\/wp-json\/wp\/v2\/product"}],"about":[{"href":"https:\/\/www.d-day-publishing.com\/en\/wp-json\/wp\/v2\/types\/product"}],"replies":[{"embeddable":true,"href":"https:\/\/www.d-day-publishing.com\/en\/wp-json\/wp\/v2\/comments?post=221"}],"wp:featuredmedia":[{"embeddable":true,"href":"https:\/\/www.d-day-publishing.com\/en\/wp-json\/wp\/v2\/media\/288"}],"wp:attachment":[{"href":"https:\/\/www.d-day-publishing.com\/en\/wp-json\/wp\/v2\/media?parent=221"}],"wp:term":[{"taxonomy":"product_brand","embeddable":true,"href":"https:\/\/www.d-day-publishing.com\/en\/wp-json\/wp\/v2\/product_brand?post=221"},{"taxonomy":"product_cat","embeddable":true,"href":"https:\/\/www.d-day-publishing.com\/en\/wp-json\/wp\/v2\/product_cat?post=221"},{"taxonomy":"product_tag","embeddable":true,"href":"https:\/\/www.d-day-publishing.com\/en\/wp-json\/wp\/v2\/product_tag?post=221"}],"curies":[{"name":"wp","href":"https:\/\/api.w.org\/{rel}","templated":true}]}}