{"id":207,"date":"2023-05-13T11:53:51","date_gmt":"2023-05-13T09:53:51","guid":{"rendered":"https:\/\/www.d-day-publishing.com\/?post_type=product&#038;p=207"},"modified":"2025-06-23T08:03:39","modified_gmt":"2025-06-23T06:03:39","slug":"american-warriors-en","status":"publish","type":"product","link":"https:\/\/www.d-day-publishing.com\/en\/produit\/american-warriors-en\/","title":{"rendered":"AMERICAN WARRIORS"},"content":{"rendered":"<p><span style=\"color: #993300;\"><strong>OUT OF PRINT<\/strong><\/span><\/p>\n<p>AMERICAN WARRIORS is the first volume of the &#8220;Campaign series&#8221; a series covering the involvement of the American paratroopers in the invasion of Europe.<\/p>\n<p>This series, written in both French and English, is a unique illustrated insight into the operations fought by the famous American paratroops on their way to liberate the fortress Europe.<\/p>\n<p>Contained in its 211 pages is the first striking pictorial record covering the paratrooper&#8217;s preparation for Operation Overlord &#8211; including their training, their bases and their staging areas. Those days prior to the jump in history have been extremely well represented with nearly 300 superb, very clear, black &amp; white and a few color period photographs. It also includes many full color close-ups on Airborne memorabilia, including many items recovered from the battlefield as well as veterans&#8217; uniforms and equipment.<\/p>","protected":false},"excerpt":{"rendered":"<p>This book tells through an exhaustive compilation of period photographs the story of the 82nd and 101st Airborne in preparation for the Normandy invasion.<\/p>\n","protected":false},"featured_media":416,"comment_status":"open","ping_status":"closed","template":"","meta":{"_acf_changed":false},"product_brand":[],"product_cat":[24],"product_tag":[],"class_list":{"0":"post-207","1":"product","2":"type-product","3":"status-publish","4":"has-post-thumbnail","6":"product_cat-sold-out","8":"first","9":"outofstock","10":"taxable","11":"shipping-taxable","12":"purchasable","13":"product-type-simple"},"acf":[],"yoast_head":"<!-- This site is optimized with the Yoast SEO plugin v26.2 - https:\/\/yoast.com\/wordpress\/plugins\/seo\/ -->\n<title>AMERICAN WARRIORS - DDay Publishing<\/title>\n<meta name=\"robots\" content=\"index, follow, max-snippet:-1, max-image-preview:large, max-video-preview:-1\" \/>\n<link rel=\"canonical\" href=\"https:\/\/www.d-day-publishing.com\/produit\/american-warriors-en\/\" \/>\n<meta property=\"og:locale\" content=\"en_US\" \/>\n<meta property=\"og:type\" content=\"article\" \/>\n<meta property=\"og:title\" content=\"AMERICAN WARRIORS - DDay Publishing\" \/>\n<meta property=\"og:description\" content=\"[:fr]Ce livre raconte, \u00e0 travers une compilation exhaustive de photographies d&#039;\u00e9poque, l&#039;histoire des 82e et 101e divisions a\u00e9roport\u00e9es en pr\u00e9paration du d\u00e9barquement en Normandie.[:en]This book tells through an exhaustive compilation of period photographs the story of the 82nd and 101st Airborne in preparation for the Normandy invasion.[:]\" \/>\n<meta property=\"og:url\" content=\"https:\/\/www.d-day-publishing.com\/produit\/american-warriors-en\/\" \/>\n<meta property=\"og:site_name\" content=\"DDay Publishing\" \/>\n<meta property=\"article:publisher\" content=\"https:\/\/www.facebook.com\/D.Day.Publishing\" \/>\n<meta property=\"article:modified_time\" content=\"2025-06-23T06:03:39+00:00\" \/>\n<meta property=\"og:image\" content=\"https:\/\/www.d-day-publishing.com\/wp-content\/uploads\/2023\/05\/American-Warriors.png\" \/>\n\t<meta property=\"og:image:width\" content=\"1536\" \/>\n\t<meta property=\"og:image:height\" content=\"1920\" \/>\n\t<meta property=\"og:image:type\" content=\"image\/png\" \/>\n<meta name=\"twitter:card\" content=\"summary_large_image\" \/>\n<meta name=\"twitter:label1\" content=\"Est. reading time\" \/>\n\t<meta name=\"twitter:data1\" content=\"2 minutes\" \/>\n<script type=\"application\/ld+json\" class=\"yoast-schema-graph\">{\"@context\":\"https:\/\/schema.org\",\"@graph\":[{\"@type\":\"WebPage\",\"@id\":\"https:\/\/www.d-day-publishing.com\/produit\/american-warriors-en\/\",\"url\":\"https:\/\/www.d-day-publishing.com\/produit\/american-warriors-en\/\",\"name\":\"AMERICAN WARRIORS - DDay Publishing\",\"isPartOf\":{\"@id\":\"https:\/\/www.d-day-publishing.com\/#website\"},\"primaryImageOfPage\":{\"@id\":\"https:\/\/www.d-day-publishing.com\/produit\/american-warriors-en\/#primaryimage\"},\"image\":{\"@id\":\"https:\/\/www.d-day-publishing.com\/produit\/american-warriors-en\/#primaryimage\"},\"thumbnailUrl\":\"https:\/\/www.d-day-publishing.com\/wp-content\/uploads\/2023\/05\/American-Warriors.png\",\"datePublished\":\"2023-05-13T09:53:51+00:00\",\"dateModified\":\"2025-06-23T06:03:39+00:00\",\"breadcrumb\":{\"@id\":\"https:\/\/www.d-day-publishing.com\/produit\/american-warriors-en\/#breadcrumb\"},\"inLanguage\":\"en-US\",\"potentialAction\":[{\"@type\":\"ReadAction\",\"target\":[\"https:\/\/www.d-day-publishing.com\/produit\/american-warriors-en\/\"]}]},{\"@type\":\"ImageObject\",\"inLanguage\":\"en-US\",\"@id\":\"https:\/\/www.d-day-publishing.com\/produit\/american-warriors-en\/#primaryimage\",\"url\":\"https:\/\/www.d-day-publishing.com\/wp-content\/uploads\/2023\/05\/American-Warriors.png\",\"contentUrl\":\"https:\/\/www.d-day-publishing.com\/wp-content\/uploads\/2023\/05\/American-Warriors.png\",\"width\":1536,\"height\":1920},{\"@type\":\"BreadcrumbList\",\"@id\":\"https:\/\/www.d-day-publishing.com\/produit\/american-warriors-en\/#breadcrumb\",\"itemListElement\":[{\"@type\":\"ListItem\",\"position\":1,\"name\":\"Accueil\",\"item\":\"https:\/\/www.d-day-publishing.com\/\"},{\"@type\":\"ListItem\",\"position\":2,\"name\":\"Boutique\",\"item\":\"https:\/\/www.d-day-publishing.com\/boutique\/\"},{\"@type\":\"ListItem\",\"position\":3,\"name\":\"AMERICAN WARRIORS\"}]},{\"@type\":\"WebSite\",\"@id\":\"https:\/\/www.d-day-publishing.com\/#website\",\"url\":\"https:\/\/www.d-day-publishing.com\/\",\"name\":\"DDay Publishing\",\"description\":\"\",\"publisher\":{\"@id\":\"https:\/\/www.d-day-publishing.com\/#organization\"},\"potentialAction\":[{\"@type\":\"SearchAction\",\"target\":{\"@type\":\"EntryPoint\",\"urlTemplate\":\"https:\/\/www.d-day-publishing.com\/?s={search_term_string}\"},\"query-input\":{\"@type\":\"PropertyValueSpecification\",\"valueRequired\":true,\"valueName\":\"search_term_string\"}}],\"inLanguage\":\"en-US\"},{\"@type\":\"Organization\",\"@id\":\"https:\/\/www.d-day-publishing.com\/#organization\",\"name\":\"DDay Publishing\",\"url\":\"https:\/\/www.d-day-publishing.com\/\",\"logo\":{\"@type\":\"ImageObject\",\"inLanguage\":\"en-US\",\"@id\":\"https:\/\/www.d-day-publishing.com\/#\/schema\/logo\/image\/\",\"url\":\"https:\/\/www.d-day-publishing.com\/wp-content\/uploads\/2023\/10\/logoDDayPublishing-impressionNoir-01-3.png\",\"contentUrl\":\"https:\/\/www.d-day-publishing.com\/wp-content\/uploads\/2023\/10\/logoDDayPublishing-impressionNoir-01-3.png\",\"width\":1181,\"height\":743,\"caption\":\"DDay Publishing\"},\"image\":{\"@id\":\"https:\/\/www.d-day-publishing.com\/#\/schema\/logo\/image\/\"},\"sameAs\":[\"https:\/\/www.facebook.com\/D.Day.Publishing\"]}]}<\/script>\n<!-- \/ Yoast SEO plugin. -->","yoast_head_json":{"title":"AMERICAN WARRIORS - DDay Publishing","robots":{"index":"index","follow":"follow","max-snippet":"max-snippet:-1","max-image-preview":"max-image-preview:large","max-video-preview":"max-video-preview:-1"},"canonical":"https:\/\/www.d-day-publishing.com\/produit\/american-warriors-en\/","og_locale":"en_US","og_type":"article","og_title":"AMERICAN WARRIORS - DDay Publishing","og_description":"[:fr]Ce livre raconte, \u00e0 travers une compilation exhaustive de photographies d'\u00e9poque, l'histoire des 82e et 101e divisions a\u00e9roport\u00e9es en pr\u00e9paration du d\u00e9barquement en Normandie.[:en]This book tells through an exhaustive compilation of period photographs the story of the 82nd and 101st Airborne in preparation for the Normandy invasion.[:]","og_url":"https:\/\/www.d-day-publishing.com\/produit\/american-warriors-en\/","og_site_name":"DDay Publishing","article_publisher":"https:\/\/www.facebook.com\/D.Day.Publishing","article_modified_time":"2025-06-23T06:03:39+00:00","og_image":[{"width":1536,"height":1920,"url":"https:\/\/www.d-day-publishing.com\/wp-content\/uploads\/2023\/05\/American-Warriors.png","type":"image\/png"}],"twitter_card":"summary_large_image","twitter_misc":{"Est. reading time":"2 minutes"},"schema":{"@context":"https:\/\/schema.org","@graph":[{"@type":"WebPage","@id":"https:\/\/www.d-day-publishing.com\/produit\/american-warriors-en\/","url":"https:\/\/www.d-day-publishing.com\/produit\/american-warriors-en\/","name":"AMERICAN WARRIORS - DDay Publishing","isPartOf":{"@id":"https:\/\/www.d-day-publishing.com\/#website"},"primaryImageOfPage":{"@id":"https:\/\/www.d-day-publishing.com\/produit\/american-warriors-en\/#primaryimage"},"image":{"@id":"https:\/\/www.d-day-publishing.com\/produit\/american-warriors-en\/#primaryimage"},"thumbnailUrl":"https:\/\/www.d-day-publishing.com\/wp-content\/uploads\/2023\/05\/American-Warriors.png","datePublished":"2023-05-13T09:53:51+00:00","dateModified":"2025-06-23T06:03:39+00:00","breadcrumb":{"@id":"https:\/\/www.d-day-publishing.com\/produit\/american-warriors-en\/#breadcrumb"},"inLanguage":"en-US","potentialAction":[{"@type":"ReadAction","target":["https:\/\/www.d-day-publishing.com\/produit\/american-warriors-en\/"]}]},{"@type":"ImageObject","inLanguage":"en-US","@id":"https:\/\/www.d-day-publishing.com\/produit\/american-warriors-en\/#primaryimage","url":"https:\/\/www.d-day-publishing.com\/wp-content\/uploads\/2023\/05\/American-Warriors.png","contentUrl":"https:\/\/www.d-day-publishing.com\/wp-content\/uploads\/2023\/05\/American-Warriors.png","width":1536,"height":1920},{"@type":"BreadcrumbList","@id":"https:\/\/www.d-day-publishing.com\/produit\/american-warriors-en\/#breadcrumb","itemListElement":[{"@type":"ListItem","position":1,"name":"Accueil","item":"https:\/\/www.d-day-publishing.com\/"},{"@type":"ListItem","position":2,"name":"Boutique","item":"https:\/\/www.d-day-publishing.com\/boutique\/"},{"@type":"ListItem","position":3,"name":"AMERICAN WARRIORS"}]},{"@type":"WebSite","@id":"https:\/\/www.d-day-publishing.com\/#website","url":"https:\/\/www.d-day-publishing.com\/","name":"DDay Publishing","description":"","publisher":{"@id":"https:\/\/www.d-day-publishing.com\/#organization"},"potentialAction":[{"@type":"SearchAction","target":{"@type":"EntryPoint","urlTemplate":"https:\/\/www.d-day-publishing.com\/?s={search_term_string}"},"query-input":{"@type":"PropertyValueSpecification","valueRequired":true,"valueName":"search_term_string"}}],"inLanguage":"en-US"},{"@type":"Organization","@id":"https:\/\/www.d-day-publishing.com\/#organization","name":"DDay Publishing","url":"https:\/\/www.d-day-publishing.com\/","logo":{"@type":"ImageObject","inLanguage":"en-US","@id":"https:\/\/www.d-day-publishing.com\/#\/schema\/logo\/image\/","url":"https:\/\/www.d-day-publishing.com\/wp-content\/uploads\/2023\/10\/logoDDayPublishing-impressionNoir-01-3.png","contentUrl":"https:\/\/www.d-day-publishing.com\/wp-content\/uploads\/2023\/10\/logoDDayPublishing-impressionNoir-01-3.png","width":1181,"height":743,"caption":"DDay Publishing"},"image":{"@id":"https:\/\/www.d-day-publishing.com\/#\/schema\/logo\/image\/"},"sameAs":["https:\/\/www.facebook.com\/D.Day.Publishing"]}]}},"_links":{"self":[{"href":"https:\/\/www.d-day-publishing.com\/en\/wp-json\/wp\/v2\/product\/207","targetHints":{"allow":["GET"]}}],"collection":[{"href":"https:\/\/www.d-day-publishing.com\/en\/wp-json\/wp\/v2\/product"}],"about":[{"href":"https:\/\/www.d-day-publishing.com\/en\/wp-json\/wp\/v2\/types\/product"}],"replies":[{"embeddable":true,"href":"https:\/\/www.d-day-publishing.com\/en\/wp-json\/wp\/v2\/comments?post=207"}],"wp:featuredmedia":[{"embeddable":true,"href":"https:\/\/www.d-day-publishing.com\/en\/wp-json\/wp\/v2\/media\/416"}],"wp:attachment":[{"href":"https:\/\/www.d-day-publishing.com\/en\/wp-json\/wp\/v2\/media?parent=207"}],"wp:term":[{"taxonomy":"product_brand","embeddable":true,"href":"https:\/\/www.d-day-publishing.com\/en\/wp-json\/wp\/v2\/product_brand?post=207"},{"taxonomy":"product_cat","embeddable":true,"href":"https:\/\/www.d-day-publishing.com\/en\/wp-json\/wp\/v2\/product_cat?post=207"},{"taxonomy":"product_tag","embeddable":true,"href":"https:\/\/www.d-day-publishing.com\/en\/wp-json\/wp\/v2\/product_tag?post=207"}],"curies":[{"name":"wp","href":"https:\/\/api.w.org\/{rel}","templated":true}]}}