{"id":199,"date":"2023-05-13T11:46:01","date_gmt":"2023-05-13T09:46:01","guid":{"rendered":"https:\/\/www.d-day-publishing.com\/?post_type=product&#038;p=199"},"modified":"2025-06-04T17:30:44","modified_gmt":"2025-06-04T15:30:44","slug":"the-way-we-were-3doc-mcilvoy-en","status":"publish","type":"product","link":"https:\/\/www.d-day-publishing.com\/en\/produit\/the-way-we-were-3doc-mcilvoy-en\/","title":{"rendered":"THE WAY WE WERE #3<br>DOC McILVOY"},"content":{"rendered":"<p>&#8221;Doc McIlvoy&#8221; is the third volume in Michel DeTrez&#8217;s WWII paratrooper portrait series titled &#8216;The Way We Were&#8217;.<br \/>\nMajor Dan McIlvoy was a medical officer in the 82nd Airborne Division&#8217;s famed 505th PIR. As a proud member of this unit from its first day of existence, he was only apart from it for two days, while being MIA in Normandy. The saga of the 505th Medical Detachment is retold through Doc McIlvoy&#8217;s own story. As a battalion surgeon, and later as a regimental surgeon, Doc McIlvoy instituted many new methods of caring for, and evacuating, the unit&#8217;s many casualties. Many of these innovations were later adopted as standard operating procedure by the US Army Medical Corps. Throughout his history of service, Doc McIlvoy supervised the treatment of hundreds of combat casualties. Through his great initiative, surgical skill and devotion to duty, he was able to save the limbs and lives of a great number of his wounded comrades.<\/p>\n<p class=\"text-align-center\" style=\"text-align: center;\"><strong>This book is also available in a deluxe hard-covered, numbered, limited edition, which is signed by both Mrs McIlvoy and the author.<br \/>\nOnly 82 copies have been printed in this format.<\/strong><\/p>\n<p><\/p>","protected":false},"excerpt":{"rendered":"<p>&#8220;Doc McIlvoy&#8221; is the third volume in Michel DeTrez&#8217;s WWII paratrooper portrait series titled &#8216;The Way We Were&#8217;.<\/p>\n","protected":false},"featured_media":398,"comment_status":"open","ping_status":"closed","template":"","meta":{"_acf_changed":false},"product_brand":[],"product_cat":[23],"product_tag":[],"class_list":{"0":"post-199","1":"product","2":"type-product","3":"status-publish","4":"has-post-thumbnail","6":"product_cat-portrait","8":"first","9":"instock","10":"taxable","11":"shipping-taxable","12":"purchasable","13":"product-type-simple"},"acf":[],"yoast_head":"<!-- This site is optimized with the Yoast SEO plugin v26.2 - https:\/\/yoast.com\/wordpress\/plugins\/seo\/ -->\n<title>THE WAY WE WERE #3DOC McILVOY - DDay Publishing<\/title>\n<meta name=\"robots\" content=\"index, follow, max-snippet:-1, max-image-preview:large, max-video-preview:-1\" \/>\n<link rel=\"canonical\" href=\"https:\/\/www.d-day-publishing.com\/produit\/the-way-we-were-3doc-mcilvoy-en\/\" \/>\n<meta property=\"og:locale\" content=\"en_US\" \/>\n<meta property=\"og:type\" content=\"article\" \/>\n<meta property=\"og:title\" content=\"THE WAY WE WERE #3DOC McILVOY - DDay Publishing\" \/>\n<meta property=\"og:description\" content=\"[:fr]Doc McIlvoy&quot; est le troisi\u00e8me volume de la s\u00e9rie de portraits de parachutistes de la Seconde Guerre mondiale de Michel DeTrez intitul\u00e9e &quot;The Way We Were&quot;.[:en]&quot;Doc McIlvoy&quot; is the third volume in Michel DeTrez&#039;s WWII paratrooper portrait series titled &#039;The Way We Were&#039;.[:]\" \/>\n<meta property=\"og:url\" content=\"https:\/\/www.d-day-publishing.com\/produit\/the-way-we-were-3doc-mcilvoy-en\/\" \/>\n<meta property=\"og:site_name\" content=\"DDay Publishing\" \/>\n<meta property=\"article:publisher\" content=\"https:\/\/www.facebook.com\/D.Day.Publishing\" \/>\n<meta property=\"article:modified_time\" content=\"2025-06-04T15:30:44+00:00\" \/>\n<meta property=\"og:image\" content=\"https:\/\/www.d-day-publishing.com\/wp-content\/uploads\/2023\/05\/TWWW-Volume-3-McIlvoy.png\" \/>\n\t<meta property=\"og:image:width\" content=\"1536\" \/>\n\t<meta property=\"og:image:height\" content=\"1920\" \/>\n\t<meta property=\"og:image:type\" content=\"image\/png\" \/>\n<meta name=\"twitter:card\" content=\"summary_large_image\" \/>\n<meta name=\"twitter:label1\" content=\"Est. reading time\" \/>\n\t<meta name=\"twitter:data1\" content=\"2 minutes\" \/>\n<script type=\"application\/ld+json\" class=\"yoast-schema-graph\">{\"@context\":\"https:\/\/schema.org\",\"@graph\":[{\"@type\":\"WebPage\",\"@id\":\"https:\/\/www.d-day-publishing.com\/produit\/the-way-we-were-3doc-mcilvoy-en\/\",\"url\":\"https:\/\/www.d-day-publishing.com\/produit\/the-way-we-were-3doc-mcilvoy-en\/\",\"name\":\"THE WAY WE WERE #3 DOC McILVOY - DDay Publishing\",\"isPartOf\":{\"@id\":\"https:\/\/www.d-day-publishing.com\/#website\"},\"primaryImageOfPage\":{\"@id\":\"https:\/\/www.d-day-publishing.com\/produit\/the-way-we-were-3doc-mcilvoy-en\/#primaryimage\"},\"image\":{\"@id\":\"https:\/\/www.d-day-publishing.com\/produit\/the-way-we-were-3doc-mcilvoy-en\/#primaryimage\"},\"thumbnailUrl\":\"https:\/\/www.d-day-publishing.com\/wp-content\/uploads\/2023\/05\/TWWW-Volume-3-McIlvoy.png\",\"datePublished\":\"2023-05-13T09:46:01+00:00\",\"dateModified\":\"2025-06-04T15:30:44+00:00\",\"breadcrumb\":{\"@id\":\"https:\/\/www.d-day-publishing.com\/produit\/the-way-we-were-3doc-mcilvoy-en\/#breadcrumb\"},\"inLanguage\":\"en-US\",\"potentialAction\":[{\"@type\":\"ReadAction\",\"target\":[\"https:\/\/www.d-day-publishing.com\/produit\/the-way-we-were-3doc-mcilvoy-en\/\"]}]},{\"@type\":\"ImageObject\",\"inLanguage\":\"en-US\",\"@id\":\"https:\/\/www.d-day-publishing.com\/produit\/the-way-we-were-3doc-mcilvoy-en\/#primaryimage\",\"url\":\"https:\/\/www.d-day-publishing.com\/wp-content\/uploads\/2023\/05\/TWWW-Volume-3-McIlvoy.png\",\"contentUrl\":\"https:\/\/www.d-day-publishing.com\/wp-content\/uploads\/2023\/05\/TWWW-Volume-3-McIlvoy.png\",\"width\":1536,\"height\":1920},{\"@type\":\"BreadcrumbList\",\"@id\":\"https:\/\/www.d-day-publishing.com\/produit\/the-way-we-were-3doc-mcilvoy-en\/#breadcrumb\",\"itemListElement\":[{\"@type\":\"ListItem\",\"position\":1,\"name\":\"Accueil\",\"item\":\"https:\/\/www.d-day-publishing.com\/\"},{\"@type\":\"ListItem\",\"position\":2,\"name\":\"Boutique\",\"item\":\"https:\/\/www.d-day-publishing.com\/boutique\/\"},{\"@type\":\"ListItem\",\"position\":3,\"name\":\"THE WAY WE WERE #3DOC McILVOY\"}]},{\"@type\":\"WebSite\",\"@id\":\"https:\/\/www.d-day-publishing.com\/#website\",\"url\":\"https:\/\/www.d-day-publishing.com\/\",\"name\":\"DDay Publishing\",\"description\":\"\",\"publisher\":{\"@id\":\"https:\/\/www.d-day-publishing.com\/#organization\"},\"potentialAction\":[{\"@type\":\"SearchAction\",\"target\":{\"@type\":\"EntryPoint\",\"urlTemplate\":\"https:\/\/www.d-day-publishing.com\/?s={search_term_string}\"},\"query-input\":{\"@type\":\"PropertyValueSpecification\",\"valueRequired\":true,\"valueName\":\"search_term_string\"}}],\"inLanguage\":\"en-US\"},{\"@type\":\"Organization\",\"@id\":\"https:\/\/www.d-day-publishing.com\/#organization\",\"name\":\"DDay Publishing\",\"url\":\"https:\/\/www.d-day-publishing.com\/\",\"logo\":{\"@type\":\"ImageObject\",\"inLanguage\":\"en-US\",\"@id\":\"https:\/\/www.d-day-publishing.com\/#\/schema\/logo\/image\/\",\"url\":\"https:\/\/www.d-day-publishing.com\/wp-content\/uploads\/2023\/10\/logoDDayPublishing-impressionNoir-01-3.png\",\"contentUrl\":\"https:\/\/www.d-day-publishing.com\/wp-content\/uploads\/2023\/10\/logoDDayPublishing-impressionNoir-01-3.png\",\"width\":1181,\"height\":743,\"caption\":\"DDay Publishing\"},\"image\":{\"@id\":\"https:\/\/www.d-day-publishing.com\/#\/schema\/logo\/image\/\"},\"sameAs\":[\"https:\/\/www.facebook.com\/D.Day.Publishing\"]}]}<\/script>\n<!-- \/ Yoast SEO plugin. -->","yoast_head_json":{"title":"THE WAY WE WERE #3DOC McILVOY - DDay Publishing","robots":{"index":"index","follow":"follow","max-snippet":"max-snippet:-1","max-image-preview":"max-image-preview:large","max-video-preview":"max-video-preview:-1"},"canonical":"https:\/\/www.d-day-publishing.com\/produit\/the-way-we-were-3doc-mcilvoy-en\/","og_locale":"en_US","og_type":"article","og_title":"THE WAY WE WERE #3DOC McILVOY - DDay Publishing","og_description":"[:fr]Doc McIlvoy\" est le troisi\u00e8me volume de la s\u00e9rie de portraits de parachutistes de la Seconde Guerre mondiale de Michel DeTrez intitul\u00e9e \"The Way We Were\".[:en]\"Doc McIlvoy\" is the third volume in Michel DeTrez's WWII paratrooper portrait series titled 'The Way We Were'.[:]","og_url":"https:\/\/www.d-day-publishing.com\/produit\/the-way-we-were-3doc-mcilvoy-en\/","og_site_name":"DDay Publishing","article_publisher":"https:\/\/www.facebook.com\/D.Day.Publishing","article_modified_time":"2025-06-04T15:30:44+00:00","og_image":[{"width":1536,"height":1920,"url":"https:\/\/www.d-day-publishing.com\/wp-content\/uploads\/2023\/05\/TWWW-Volume-3-McIlvoy.png","type":"image\/png"}],"twitter_card":"summary_large_image","twitter_misc":{"Est. reading time":"2 minutes"},"schema":{"@context":"https:\/\/schema.org","@graph":[{"@type":"WebPage","@id":"https:\/\/www.d-day-publishing.com\/produit\/the-way-we-were-3doc-mcilvoy-en\/","url":"https:\/\/www.d-day-publishing.com\/produit\/the-way-we-were-3doc-mcilvoy-en\/","name":"THE WAY WE WERE #3 DOC McILVOY - DDay Publishing","isPartOf":{"@id":"https:\/\/www.d-day-publishing.com\/#website"},"primaryImageOfPage":{"@id":"https:\/\/www.d-day-publishing.com\/produit\/the-way-we-were-3doc-mcilvoy-en\/#primaryimage"},"image":{"@id":"https:\/\/www.d-day-publishing.com\/produit\/the-way-we-were-3doc-mcilvoy-en\/#primaryimage"},"thumbnailUrl":"https:\/\/www.d-day-publishing.com\/wp-content\/uploads\/2023\/05\/TWWW-Volume-3-McIlvoy.png","datePublished":"2023-05-13T09:46:01+00:00","dateModified":"2025-06-04T15:30:44+00:00","breadcrumb":{"@id":"https:\/\/www.d-day-publishing.com\/produit\/the-way-we-were-3doc-mcilvoy-en\/#breadcrumb"},"inLanguage":"en-US","potentialAction":[{"@type":"ReadAction","target":["https:\/\/www.d-day-publishing.com\/produit\/the-way-we-were-3doc-mcilvoy-en\/"]}]},{"@type":"ImageObject","inLanguage":"en-US","@id":"https:\/\/www.d-day-publishing.com\/produit\/the-way-we-were-3doc-mcilvoy-en\/#primaryimage","url":"https:\/\/www.d-day-publishing.com\/wp-content\/uploads\/2023\/05\/TWWW-Volume-3-McIlvoy.png","contentUrl":"https:\/\/www.d-day-publishing.com\/wp-content\/uploads\/2023\/05\/TWWW-Volume-3-McIlvoy.png","width":1536,"height":1920},{"@type":"BreadcrumbList","@id":"https:\/\/www.d-day-publishing.com\/produit\/the-way-we-were-3doc-mcilvoy-en\/#breadcrumb","itemListElement":[{"@type":"ListItem","position":1,"name":"Accueil","item":"https:\/\/www.d-day-publishing.com\/"},{"@type":"ListItem","position":2,"name":"Boutique","item":"https:\/\/www.d-day-publishing.com\/boutique\/"},{"@type":"ListItem","position":3,"name":"THE WAY WE WERE #3DOC McILVOY"}]},{"@type":"WebSite","@id":"https:\/\/www.d-day-publishing.com\/#website","url":"https:\/\/www.d-day-publishing.com\/","name":"DDay Publishing","description":"","publisher":{"@id":"https:\/\/www.d-day-publishing.com\/#organization"},"potentialAction":[{"@type":"SearchAction","target":{"@type":"EntryPoint","urlTemplate":"https:\/\/www.d-day-publishing.com\/?s={search_term_string}"},"query-input":{"@type":"PropertyValueSpecification","valueRequired":true,"valueName":"search_term_string"}}],"inLanguage":"en-US"},{"@type":"Organization","@id":"https:\/\/www.d-day-publishing.com\/#organization","name":"DDay Publishing","url":"https:\/\/www.d-day-publishing.com\/","logo":{"@type":"ImageObject","inLanguage":"en-US","@id":"https:\/\/www.d-day-publishing.com\/#\/schema\/logo\/image\/","url":"https:\/\/www.d-day-publishing.com\/wp-content\/uploads\/2023\/10\/logoDDayPublishing-impressionNoir-01-3.png","contentUrl":"https:\/\/www.d-day-publishing.com\/wp-content\/uploads\/2023\/10\/logoDDayPublishing-impressionNoir-01-3.png","width":1181,"height":743,"caption":"DDay Publishing"},"image":{"@id":"https:\/\/www.d-day-publishing.com\/#\/schema\/logo\/image\/"},"sameAs":["https:\/\/www.facebook.com\/D.Day.Publishing"]}]}},"_links":{"self":[{"href":"https:\/\/www.d-day-publishing.com\/en\/wp-json\/wp\/v2\/product\/199","targetHints":{"allow":["GET"]}}],"collection":[{"href":"https:\/\/www.d-day-publishing.com\/en\/wp-json\/wp\/v2\/product"}],"about":[{"href":"https:\/\/www.d-day-publishing.com\/en\/wp-json\/wp\/v2\/types\/product"}],"replies":[{"embeddable":true,"href":"https:\/\/www.d-day-publishing.com\/en\/wp-json\/wp\/v2\/comments?post=199"}],"wp:featuredmedia":[{"embeddable":true,"href":"https:\/\/www.d-day-publishing.com\/en\/wp-json\/wp\/v2\/media\/398"}],"wp:attachment":[{"href":"https:\/\/www.d-day-publishing.com\/en\/wp-json\/wp\/v2\/media?parent=199"}],"wp:term":[{"taxonomy":"product_brand","embeddable":true,"href":"https:\/\/www.d-day-publishing.com\/en\/wp-json\/wp\/v2\/product_brand?post=199"},{"taxonomy":"product_cat","embeddable":true,"href":"https:\/\/www.d-day-publishing.com\/en\/wp-json\/wp\/v2\/product_cat?post=199"},{"taxonomy":"product_tag","embeddable":true,"href":"https:\/\/www.d-day-publishing.com\/en\/wp-json\/wp\/v2\/product_tag?post=199"}],"curies":[{"name":"wp","href":"https:\/\/api.w.org\/{rel}","templated":true}]}}