{"id":195,"date":"2023-05-13T11:44:27","date_gmt":"2023-05-13T09:44:27","guid":{"rendered":"https:\/\/www.d-day-publishing.com\/?post_type=product&#038;p=195"},"modified":"2025-06-24T10:30:27","modified_gmt":"2025-06-24T08:30:27","slug":"the-way-we-were-2colonel-bob-piper-en","status":"publish","type":"product","link":"https:\/\/www.d-day-publishing.com\/en\/produit\/the-way-we-were-2colonel-bob-piper-en\/","title":{"rendered":"THE WAY WE WERE #2<br>COLONEL BOB PIPER"},"content":{"rendered":"<p><strong><span style=\"color: #993300;\">OUT OF PRINT<\/span><\/strong><\/p>\n<p>Colonel Piper is a paratroop officer who served as a platoon leader, regimental adjutant (S-1) and regimental intelligence officer (S-2) in G company, 505th PIR, 82nd Airborne Division during the Second World War. He made all four combat jumps of the 505 and fought in all six of the 82nd&#8217;s campaigns, being wounded only one time.<\/p>\n<p>As a member of the regimental staff, one of the many tasks assigned to Piper was ensuring the security and wellbeing of the only female &#8216;member&#8217; of the 505. Surprisingly, there were women with some of the paratroop units in the combat zones of the ETO. And, yes, they did wear jump boots, jump wings, the All-American shoulder patch and the ubiquitous steel pot! They were very few, indeed, but they were there. Colonel Piper took this task so much to heart, that when the war ended, he couldn&#8217;t bear the thought of having to stop, so he took an oath to care for her for the rest of his life.<\/p>\n<p>Like Forrest Guth, the hero of the first volume in this portrait series, Bob Piper chose to disregard the order against taking a camera into combat, and throughout all six of his campaigns, he never left his Leica behind. After all, wasn&#8217;t he one of the people who were giving the orders?<\/p>\n<p>Col. Piper took some unique photos of the regimental staff in the field, including its General Officers. Until today, most of these photographs have never been seen.<\/p>\n<p><img decoding=\"async\" class=\"alignnone size-full wp-image-60 aligncenter\" src=\"http:\/\/www.d-day-publishing.com\/wp-content\/uploads\/2016\/11\/couv_piper.png\" alt=\"THE WAY WE WERE - COL. BOB PIPER\" width=\"142\" height=\"178\" \/><\/p>\n<p class=\"text-align-right\" style=\"text-align: center;\"><strong>8 1\/2 x 11 1\/2, Paperback &#8211; 72 pages with 220 illustrations<br \/>\nISBN 2-9600176-4-1<\/strong><\/p>\n<p style=\"text-align: center;\">OUT OF PRINT &#8211; SOLD OUT<\/p>\n<p>&nbsp;<\/p>\n<p class=\"text-align-center\" style=\"text-align: center;\"><img decoding=\"async\" class=\"size-medium wp-image-72 alignleft\" src=\"http:\/\/www.d-day-publishing.com\/wp-content\/uploads\/2016\/11\/pipernei_0-142x300.png\" alt=\"pipernei\" width=\"142\" height=\"300\" \/><img decoding=\"async\" class=\"size-medium wp-image-70 alignright\" src=\"http:\/\/www.d-day-publishing.com\/wp-content\/uploads\/2016\/11\/piper-148x300.png\" alt=\"piper\" width=\"148\" height=\"300\" \/><\/p>\n<p><\/p>","protected":false},"excerpt":{"rendered":"<p>&#8220;Colonel Bob Piper&#8221; is the second volume in noted historian Michel DeTrez&#8217;s WWII paratrooper portrait series titled &#8216;The Way We Were&#8217;.<\/p>\n","protected":false},"featured_media":399,"comment_status":"open","ping_status":"closed","template":"","meta":{"_acf_changed":false},"product_brand":[],"product_cat":[24,23],"product_tag":[],"class_list":{"0":"post-195","1":"product","2":"type-product","3":"status-publish","4":"has-post-thumbnail","6":"product_cat-sold-out","7":"product_cat-portrait","9":"first","10":"outofstock","11":"taxable","12":"shipping-taxable","13":"purchasable","14":"product-type-simple"},"acf":[],"yoast_head":"<!-- This site is optimized with the Yoast SEO plugin v26.2 - https:\/\/yoast.com\/wordpress\/plugins\/seo\/ -->\n<title>THE WAY WE WERE #2COLONEL BOB PIPER - DDay Publishing<\/title>\n<meta name=\"robots\" content=\"index, follow, max-snippet:-1, max-image-preview:large, max-video-preview:-1\" \/>\n<link rel=\"canonical\" href=\"https:\/\/www.d-day-publishing.com\/produit\/the-way-we-were-2colonel-bob-piper-en\/\" \/>\n<meta property=\"og:locale\" content=\"en_US\" \/>\n<meta property=\"og:type\" content=\"article\" \/>\n<meta property=\"og:title\" content=\"THE WAY WE WERE #2COLONEL BOB PIPER - DDay Publishing\" \/>\n<meta property=\"og:description\" content=\"[:fr]&quot;Colonel Bob Piper&quot; est le deuxi\u00e8me volume de la s\u00e9rie de portraits de parachutistes de la Seconde Guerre mondiale de l&#039;historien Michel De Trez, intitul\u00e9e &quot;The Way We Were&quot;.[:en]&quot;Colonel Bob Piper&quot; is the second volume in noted historian Michel DeTrez&#039;s WWII paratrooper portrait series titled &#039;The Way We Were&#039;.[:]\" \/>\n<meta property=\"og:url\" content=\"https:\/\/www.d-day-publishing.com\/produit\/the-way-we-were-2colonel-bob-piper-en\/\" \/>\n<meta property=\"og:site_name\" content=\"DDay Publishing\" \/>\n<meta property=\"article:publisher\" content=\"https:\/\/www.facebook.com\/D.Day.Publishing\" \/>\n<meta property=\"article:modified_time\" content=\"2025-06-24T08:30:27+00:00\" \/>\n<meta property=\"og:image\" content=\"https:\/\/www.d-day-publishing.com\/wp-content\/uploads\/2023\/05\/TWWW-Volume-2-Piper.png\" \/>\n\t<meta property=\"og:image:width\" content=\"1536\" \/>\n\t<meta property=\"og:image:height\" content=\"1920\" \/>\n\t<meta property=\"og:image:type\" content=\"image\/png\" \/>\n<meta name=\"twitter:card\" content=\"summary_large_image\" \/>\n<meta name=\"twitter:label1\" content=\"Est. reading time\" \/>\n\t<meta name=\"twitter:data1\" content=\"2 minutes\" \/>\n<script type=\"application\/ld+json\" class=\"yoast-schema-graph\">{\"@context\":\"https:\/\/schema.org\",\"@graph\":[{\"@type\":\"WebPage\",\"@id\":\"https:\/\/www.d-day-publishing.com\/produit\/the-way-we-were-2colonel-bob-piper-en\/\",\"url\":\"https:\/\/www.d-day-publishing.com\/produit\/the-way-we-were-2colonel-bob-piper-en\/\",\"name\":\"THE WAY WE WERE #2 COLONEL BOB PIPER - DDay Publishing\",\"isPartOf\":{\"@id\":\"https:\/\/www.d-day-publishing.com\/#website\"},\"primaryImageOfPage\":{\"@id\":\"https:\/\/www.d-day-publishing.com\/produit\/the-way-we-were-2colonel-bob-piper-en\/#primaryimage\"},\"image\":{\"@id\":\"https:\/\/www.d-day-publishing.com\/produit\/the-way-we-were-2colonel-bob-piper-en\/#primaryimage\"},\"thumbnailUrl\":\"https:\/\/www.d-day-publishing.com\/wp-content\/uploads\/2023\/05\/TWWW-Volume-2-Piper.png\",\"datePublished\":\"2023-05-13T09:44:27+00:00\",\"dateModified\":\"2025-06-24T08:30:27+00:00\",\"breadcrumb\":{\"@id\":\"https:\/\/www.d-day-publishing.com\/produit\/the-way-we-were-2colonel-bob-piper-en\/#breadcrumb\"},\"inLanguage\":\"en-US\",\"potentialAction\":[{\"@type\":\"ReadAction\",\"target\":[\"https:\/\/www.d-day-publishing.com\/produit\/the-way-we-were-2colonel-bob-piper-en\/\"]}]},{\"@type\":\"ImageObject\",\"inLanguage\":\"en-US\",\"@id\":\"https:\/\/www.d-day-publishing.com\/produit\/the-way-we-were-2colonel-bob-piper-en\/#primaryimage\",\"url\":\"https:\/\/www.d-day-publishing.com\/wp-content\/uploads\/2023\/05\/TWWW-Volume-2-Piper.png\",\"contentUrl\":\"https:\/\/www.d-day-publishing.com\/wp-content\/uploads\/2023\/05\/TWWW-Volume-2-Piper.png\",\"width\":1536,\"height\":1920},{\"@type\":\"BreadcrumbList\",\"@id\":\"https:\/\/www.d-day-publishing.com\/produit\/the-way-we-were-2colonel-bob-piper-en\/#breadcrumb\",\"itemListElement\":[{\"@type\":\"ListItem\",\"position\":1,\"name\":\"Accueil\",\"item\":\"https:\/\/www.d-day-publishing.com\/\"},{\"@type\":\"ListItem\",\"position\":2,\"name\":\"Boutique\",\"item\":\"https:\/\/www.d-day-publishing.com\/boutique\/\"},{\"@type\":\"ListItem\",\"position\":3,\"name\":\"THE WAY WE WERE #2COLONEL BOB PIPER\"}]},{\"@type\":\"WebSite\",\"@id\":\"https:\/\/www.d-day-publishing.com\/#website\",\"url\":\"https:\/\/www.d-day-publishing.com\/\",\"name\":\"DDay Publishing\",\"description\":\"\",\"publisher\":{\"@id\":\"https:\/\/www.d-day-publishing.com\/#organization\"},\"potentialAction\":[{\"@type\":\"SearchAction\",\"target\":{\"@type\":\"EntryPoint\",\"urlTemplate\":\"https:\/\/www.d-day-publishing.com\/?s={search_term_string}\"},\"query-input\":{\"@type\":\"PropertyValueSpecification\",\"valueRequired\":true,\"valueName\":\"search_term_string\"}}],\"inLanguage\":\"en-US\"},{\"@type\":\"Organization\",\"@id\":\"https:\/\/www.d-day-publishing.com\/#organization\",\"name\":\"DDay Publishing\",\"url\":\"https:\/\/www.d-day-publishing.com\/\",\"logo\":{\"@type\":\"ImageObject\",\"inLanguage\":\"en-US\",\"@id\":\"https:\/\/www.d-day-publishing.com\/#\/schema\/logo\/image\/\",\"url\":\"https:\/\/www.d-day-publishing.com\/wp-content\/uploads\/2023\/10\/logoDDayPublishing-impressionNoir-01-3.png\",\"contentUrl\":\"https:\/\/www.d-day-publishing.com\/wp-content\/uploads\/2023\/10\/logoDDayPublishing-impressionNoir-01-3.png\",\"width\":1181,\"height\":743,\"caption\":\"DDay Publishing\"},\"image\":{\"@id\":\"https:\/\/www.d-day-publishing.com\/#\/schema\/logo\/image\/\"},\"sameAs\":[\"https:\/\/www.facebook.com\/D.Day.Publishing\"]}]}<\/script>\n<!-- \/ Yoast SEO plugin. -->","yoast_head_json":{"title":"THE WAY WE WERE #2COLONEL BOB PIPER - DDay Publishing","robots":{"index":"index","follow":"follow","max-snippet":"max-snippet:-1","max-image-preview":"max-image-preview:large","max-video-preview":"max-video-preview:-1"},"canonical":"https:\/\/www.d-day-publishing.com\/produit\/the-way-we-were-2colonel-bob-piper-en\/","og_locale":"en_US","og_type":"article","og_title":"THE WAY WE WERE #2COLONEL BOB PIPER - DDay Publishing","og_description":"[:fr]\"Colonel Bob Piper\" est le deuxi\u00e8me volume de la s\u00e9rie de portraits de parachutistes de la Seconde Guerre mondiale de l'historien Michel De Trez, intitul\u00e9e \"The Way We Were\".[:en]\"Colonel Bob Piper\" is the second volume in noted historian Michel DeTrez's WWII paratrooper portrait series titled 'The Way We Were'.[:]","og_url":"https:\/\/www.d-day-publishing.com\/produit\/the-way-we-were-2colonel-bob-piper-en\/","og_site_name":"DDay Publishing","article_publisher":"https:\/\/www.facebook.com\/D.Day.Publishing","article_modified_time":"2025-06-24T08:30:27+00:00","og_image":[{"width":1536,"height":1920,"url":"https:\/\/www.d-day-publishing.com\/wp-content\/uploads\/2023\/05\/TWWW-Volume-2-Piper.png","type":"image\/png"}],"twitter_card":"summary_large_image","twitter_misc":{"Est. reading time":"2 minutes"},"schema":{"@context":"https:\/\/schema.org","@graph":[{"@type":"WebPage","@id":"https:\/\/www.d-day-publishing.com\/produit\/the-way-we-were-2colonel-bob-piper-en\/","url":"https:\/\/www.d-day-publishing.com\/produit\/the-way-we-were-2colonel-bob-piper-en\/","name":"THE WAY WE WERE #2 COLONEL BOB PIPER - DDay Publishing","isPartOf":{"@id":"https:\/\/www.d-day-publishing.com\/#website"},"primaryImageOfPage":{"@id":"https:\/\/www.d-day-publishing.com\/produit\/the-way-we-were-2colonel-bob-piper-en\/#primaryimage"},"image":{"@id":"https:\/\/www.d-day-publishing.com\/produit\/the-way-we-were-2colonel-bob-piper-en\/#primaryimage"},"thumbnailUrl":"https:\/\/www.d-day-publishing.com\/wp-content\/uploads\/2023\/05\/TWWW-Volume-2-Piper.png","datePublished":"2023-05-13T09:44:27+00:00","dateModified":"2025-06-24T08:30:27+00:00","breadcrumb":{"@id":"https:\/\/www.d-day-publishing.com\/produit\/the-way-we-were-2colonel-bob-piper-en\/#breadcrumb"},"inLanguage":"en-US","potentialAction":[{"@type":"ReadAction","target":["https:\/\/www.d-day-publishing.com\/produit\/the-way-we-were-2colonel-bob-piper-en\/"]}]},{"@type":"ImageObject","inLanguage":"en-US","@id":"https:\/\/www.d-day-publishing.com\/produit\/the-way-we-were-2colonel-bob-piper-en\/#primaryimage","url":"https:\/\/www.d-day-publishing.com\/wp-content\/uploads\/2023\/05\/TWWW-Volume-2-Piper.png","contentUrl":"https:\/\/www.d-day-publishing.com\/wp-content\/uploads\/2023\/05\/TWWW-Volume-2-Piper.png","width":1536,"height":1920},{"@type":"BreadcrumbList","@id":"https:\/\/www.d-day-publishing.com\/produit\/the-way-we-were-2colonel-bob-piper-en\/#breadcrumb","itemListElement":[{"@type":"ListItem","position":1,"name":"Accueil","item":"https:\/\/www.d-day-publishing.com\/"},{"@type":"ListItem","position":2,"name":"Boutique","item":"https:\/\/www.d-day-publishing.com\/boutique\/"},{"@type":"ListItem","position":3,"name":"THE WAY WE WERE #2COLONEL BOB PIPER"}]},{"@type":"WebSite","@id":"https:\/\/www.d-day-publishing.com\/#website","url":"https:\/\/www.d-day-publishing.com\/","name":"DDay Publishing","description":"","publisher":{"@id":"https:\/\/www.d-day-publishing.com\/#organization"},"potentialAction":[{"@type":"SearchAction","target":{"@type":"EntryPoint","urlTemplate":"https:\/\/www.d-day-publishing.com\/?s={search_term_string}"},"query-input":{"@type":"PropertyValueSpecification","valueRequired":true,"valueName":"search_term_string"}}],"inLanguage":"en-US"},{"@type":"Organization","@id":"https:\/\/www.d-day-publishing.com\/#organization","name":"DDay Publishing","url":"https:\/\/www.d-day-publishing.com\/","logo":{"@type":"ImageObject","inLanguage":"en-US","@id":"https:\/\/www.d-day-publishing.com\/#\/schema\/logo\/image\/","url":"https:\/\/www.d-day-publishing.com\/wp-content\/uploads\/2023\/10\/logoDDayPublishing-impressionNoir-01-3.png","contentUrl":"https:\/\/www.d-day-publishing.com\/wp-content\/uploads\/2023\/10\/logoDDayPublishing-impressionNoir-01-3.png","width":1181,"height":743,"caption":"DDay Publishing"},"image":{"@id":"https:\/\/www.d-day-publishing.com\/#\/schema\/logo\/image\/"},"sameAs":["https:\/\/www.facebook.com\/D.Day.Publishing"]}]}},"_links":{"self":[{"href":"https:\/\/www.d-day-publishing.com\/en\/wp-json\/wp\/v2\/product\/195","targetHints":{"allow":["GET"]}}],"collection":[{"href":"https:\/\/www.d-day-publishing.com\/en\/wp-json\/wp\/v2\/product"}],"about":[{"href":"https:\/\/www.d-day-publishing.com\/en\/wp-json\/wp\/v2\/types\/product"}],"replies":[{"embeddable":true,"href":"https:\/\/www.d-day-publishing.com\/en\/wp-json\/wp\/v2\/comments?post=195"}],"wp:featuredmedia":[{"embeddable":true,"href":"https:\/\/www.d-day-publishing.com\/en\/wp-json\/wp\/v2\/media\/399"}],"wp:attachment":[{"href":"https:\/\/www.d-day-publishing.com\/en\/wp-json\/wp\/v2\/media?parent=195"}],"wp:term":[{"taxonomy":"product_brand","embeddable":true,"href":"https:\/\/www.d-day-publishing.com\/en\/wp-json\/wp\/v2\/product_brand?post=195"},{"taxonomy":"product_cat","embeddable":true,"href":"https:\/\/www.d-day-publishing.com\/en\/wp-json\/wp\/v2\/product_cat?post=195"},{"taxonomy":"product_tag","embeddable":true,"href":"https:\/\/www.d-day-publishing.com\/en\/wp-json\/wp\/v2\/product_tag?post=195"}],"curies":[{"name":"wp","href":"https:\/\/api.w.org\/{rel}","templated":true}]}}