{"id":425875,"date":"2023-10-31T17:01:56","date_gmt":"2023-10-31T16:01:56","guid":{"rendered":"https:\/\/www.d-day-publishing.com\/donnees-personnelles\/"},"modified":"2023-10-31T17:01:56","modified_gmt":"2023-10-31T16:01:56","slug":"donnees-personnelles","status":"publish","type":"page","link":"https:\/\/www.d-day-publishing.com\/en\/donnees-personnelles\/","title":{"rendered":"Donn\u00e9es Personnelles"},"content":{"rendered":"<p>Pour l&#8217;ensemble de ces Traitements, la soci\u00e9t\u00e9 CARENTAN HISTORICAL CENTER est l&#8217;entit\u00e9 qui d\u00e9termine les moyens et les finalit\u00e9s et agit ainsi en qualit\u00e9 de Responsable de traitement au sens de la r\u00e9glementation applicable en mati\u00e8re de protection des donn\u00e9es personnelles et notamment du R\u00e8glement UE 2016\/679 relatif \u00e0 la protection des personnes physiques \u00e0 l&#8217;\u00e9gard du Traitement des Donn\u00e9es \u00e0 caract\u00e8re personnel et \u00e0 la libre circulation de ces Donn\u00e9es (ci-apr\u00e8s \u00ab RGPD \u00bb).<\/p>\n<p><b><i>La protection de vos donn\u00e9ees est notre priorit\u00e9<\/i><\/b><\/p>\n<p>Chez CARENTAN HISTORICAL CENTER, nous croyons fermement que vous devriez avoir le contr\u00f4le total sur vos donn\u00e9es. Notre objectif est de vous donner le pouvoir de d\u00e9cider de l&#8217;utilisation de vos donn\u00e9es. En dehors des obligations l\u00e9gales auxquelles nous sommes soumis, nous ne partagerons, ne vendrons ni ne louerons jamais vos donn\u00e9es \u00e0 des tiers. Si nous faisons appel \u00e0 des sous-traitants, ils agissent uniquement en notre nom et selon nos instructions. Votre confidentialit\u00e9 et votre confiance sont essentielles pour nous, et nous nous engageons \u00e0 prot\u00e9ger vos donn\u00e9es de mani\u00e8re responsable.<\/p>\n<p><!-- --><\/p>\n<p><b><i>Comment utilisons-nous vos donn\u00e9es ?<\/i><\/b><\/p>\n<h2>Responsable du traitement<\/h2>\n<p>\nLes donn\u00e9es que vous nous confiez sont trait\u00e9es par CARENTAN HISTORICAL CENTER, CARENTAN HISTORICAL CENTER.\n<\/p>\n<h2>Ce site collecte-t-il des donn\u00e9es\u00a0personnelles et pour quelles finalit\u00e9s\u00a0?<\/h2>\n<p>Par donn\u00e9e \u00e0 caract\u00e8re personnel nous entendons toute information qui permet de vous identifier soit directement soit indirectement.<\/p>\n<p>Les Donn\u00e9es des Utilisateurs trait\u00e9es sont utilis\u00e9es pour les finalit\u00e9s suivantes :<\/p>\n<ul>\n<li>pour leur fournir les services disponibles \u00e0 travers le Site Internet,<\/li>\n<li>pour r\u00e9pondre \u00e0 leurs demandes d&#8217;information par courrier postal, courrier \u00e9lectronique, sms, appel t\u00e9l\u00e9phonique,<\/li>\n<li>pour leur envoyer par courrier, courrier \u00e9lectronique ou sms, par mail et\/ou sms, des informations diverses sur l&#8217;\u00e9volution du Site Internet,<\/li>\n<li>pour mener des enqu\u00eates et \u00e9tudes de satisfaction,<\/li>\n<li>pour mieux conna\u00eetre leurs besoins et simplifier leurs navigations et\/ou pour analyser ou pr\u00e9dire des \u00e9l\u00e9ments les concernant comme leurs pr\u00e9f\u00e9rences personnelles, int\u00e9r\u00eats, fiabilit\u00e9, et leurs comportements,<\/li>\n<li>pour \u00e9tablir des statistiques g\u00e9n\u00e9rales sur le trafic de son Site Internet et des diff\u00e9rentes<\/li>\n<\/ul>\n<p>\nChez CARENTAN HISTORICAL CENTER, nous croyons fermement que vous devriez avoir le contr\u00f4le total sur vos donn\u00e9es. Notre objectif est de vous donner le pouvoir de d\u00e9cider de l&#8217;utilisation de vos donn\u00e9es. En dehors des obligations l\u00e9gales auxquelles nous sommes soumis, nous ne partagerons, ne vendrons ni ne louerons jamais vos donn\u00e9es \u00e0 des tiers. Si nous faisons appel \u00e0 des sous-traitants, ils agissent uniquement en notre nom et selon nos instructions. Votre confidentialit\u00e9 et votre confiance sont essentielles pour nous, et nous nous engageons \u00e0 prot\u00e9ger vos donn\u00e9es de mani\u00e8re responsable.\n<\/p>\n<p><!-- --><\/p>\n<h2>Sur quelle base est fond\u00e9 le traitement de vos donn\u00e9es personnelles dans le cadre de ce site web\u00a0?<\/h2>\n<p>En application de l&#8217;article 6.1 du R\u00e8glement G\u00e9n\u00e9ral sur la Protection des Donn\u00e9es, l&#8217;Utilisateur est inform\u00e9 que les diff\u00e9rents traitements de ses Donn\u00e9es \u00e9voqu\u00e9s ci-dessus sont n\u00e9cessaires\u00a0:<\/p>\n<ol>\n<li>\u00e0 l&#8217;ex\u00e9cution et \u00e0 la r\u00e9alisation des Services propos\u00e9s par la soci\u00e9t\u00e9 CARENTAN HISTORICAL CENTER<\/li>\n<li>aux int\u00e9r\u00eats l\u00e9gitimes poursuivis par la soci\u00e9t\u00e9 CARENTAN HISTORICAL CENTER d&#8217;am\u00e9lioration de ses Services et de compr\u00e9hension des attentes des Utilisateurs, permettant notamment la protection des droits et des Donn\u00e9es de l&#8217;Utilisateur<\/li>\n<li>Le traitement de vos donn\u00e9es personnelles par la soci\u00e9t\u00e9 CARENTAN HISTORICAL CENTER est fond\u00e9\u00a0\u00e9galement sur la base de\u00a0 votre consentement pour tous les cas o\u00f9 vous confiez vous-m\u00eame vos donn\u00e9es personnelles. Votre consentement peut naturellement \u00eatre retir\u00e9 \u00e0 tout moment.<\/li>\n<\/ol>\n<h2>\u00c0 qui sont destin\u00e9es les donn\u00e9es personnelles trait\u00e9es par ce site\u00a0?<\/h2>\n<p>Vos donn\u00e9es personnelles sont trait\u00e9es par CARENTAN HISTORICAL CENTER pour les finalit\u00e9s indiqu\u00e9es pr\u00e9c\u00e9demment. Elles peuvent \u00eatre trait\u00e9es ponctuellement par des sous-traitants de la soci\u00e9t\u00e9 CARENTAN HISTORICAL CENTER (au sens de l&#8217;article 4.8 du RGPD) de fa\u00e7on encadr\u00e9e strictement.<\/p>\n<p>Elles ne sont jamais communiqu\u00e9es \u00e0 des tiers sauf demande exig\u00e9e par la loi ou toute autorit\u00e9 judiciaire. Si, exceptionnellement, une communication \u00e0 des tiers \u00e9tait envisag\u00e9e, celle-ci serait r\u00e9alis\u00e9e sur la base de votre consentement, libre, inform\u00e9 et explicite.<\/p>\n<p><!-- --><\/p>\n<h2>S\u00e9curit\u00e9 et Notification d&#8217;incident<\/h2>\n<p>Quels que soient les efforts fournis, aucune m\u00e9thode de transmission sur Internet et aucune m\u00e9thode de stockage \u00e9lectronique n&#8217;est compl\u00e8tement s\u00fbre. Nous ne pouvons en cons\u00e9quence pas garantir une s\u00e9curit\u00e9 absolue.<\/p>\n<p>En cas de faille de s\u00e9curit\u00e9, les utilisateurs concern\u00e9s sont inform\u00e9s dans les meilleurs d\u00e9lais afin qu&#8217;ils puissent prendre les mesures appropri\u00e9es. Nos proc\u00e9dures de notification d&#8217;incident tiennent compte de nos obligations l\u00e9gales, qu&#8217;elles se situent au niveau national ou europ\u00e9en.<\/p>\n<p>Aucune information personnelle de l&#8217;utilisateur n&#8217;est publi\u00e9e \u00e0 son insu, \u00e9chang\u00e9e, transf\u00e9r\u00e9e, c\u00e9d\u00e9e ou vendue sur un support quelconque \u00e0 des tiers.\u00a0 Lors du traitement des Donn\u00e9es Personnelles, la soci\u00e9t\u00e9 CARENTAN HISTORICAL CENTER prend toutes les mesures\u00a0 raisonnables visant \u00e0 les prot\u00e9ger contre toute perte, utilisation d\u00e9tourn\u00e9e, acc\u00e8s non autoris\u00e9,\u00a0 divulgation, alt\u00e9ration ou destruction.<\/p>\n<p><!-- --><\/p>\n<h2>Donn\u00e9es trait\u00e9es<\/h2>\n<p>\nNous traitons les donn\u00e9es n\u00e9cessaires \u00e0 l&#8217;utilisation du site mais vous pouvez consulter les diff\u00e9rents services du site en <a href=\"#cookies\">cliquant ici<\/a>.\n<\/p>\n<h2>Dur\u00e9e de conservation<\/h2>\n<p>\nVos donn\u00e9es personnelles sont conserv\u00e9es tant que vous utilisez nos services. Vos donn\u00e9es seront supprim\u00e9es 2 ans apr\u00e8s votre derni\u00e8re activit\u00e9.\n<\/p>\n<p>\n    Vos donn\u00e9es sont stock\u00e9es sur des serveurs europ\u00e9ens.\n    <\/p>\n<h2>Base l\u00e9gale du traitement<\/h2>\n<p>Le traitement de vos donn\u00e9es personnelles est mis en oeuvre uniquement apr\u00e8s le recueil de votre consentement.<\/p>\n<h2>S\u00e9curit\u00e9 de vos donn\u00e9es<\/h2>\n<p>\n    Nous tenons \u00e0 souligner que notre site web utilise SSL\/HTTPS pour assurer la s\u00e9curit\u00e9 de vos donn\u00e9es. Cela signifie que toutes les informations \u00e9chang\u00e9es entre votre navigateur et notre site sont crypt\u00e9es et prot\u00e9g\u00e9es contre tout acc\u00e8s non autoris\u00e9. Nous accordons une grande importance \u00e0 la confidentialit\u00e9 et \u00e0 la protection de vos donn\u00e9es, et l&#8217;utilisation de SSL\/HTTPS est une mesure essentielle que nous avons mise en place pour garantir un environnement s\u00e9curis\u00e9 lors de votre navigation sur notre site.\n    <\/p>\n","protected":false},"excerpt":{"rendered":"<p>Pour l&#8217;ensemble de ces Traitements, la soci\u00e9t\u00e9 CARENTAN HISTORICAL CENTER est l&#8217;entit\u00e9 qui d\u00e9termine les moyens et les finalit\u00e9s et agit ainsi en qualit\u00e9 de Responsable de traitement au sens de la r\u00e9glementation applicable en mati\u00e8re de protection des donn\u00e9es personnelles et notamment du R\u00e8glement UE 2016\/679 relatif \u00e0 la protection des personnes physiques \u00e0 [&hellip;]<\/p>\n","protected":false},"author":1,"featured_media":0,"parent":0,"menu_order":0,"comment_status":"closed","ping_status":"closed","template":"","meta":{"_acf_changed":false,"footnotes":""},"class_list":["post-425875","page","type-page","status-publish","hentry"],"acf":[],"yoast_head":"<!-- This site is optimized with the Yoast SEO plugin v26.2 - https:\/\/yoast.com\/wordpress\/plugins\/seo\/ -->\n<title>Donn\u00e9es Personnelles - DDay Publishing<\/title>\n<meta name=\"robots\" content=\"index, follow, max-snippet:-1, max-image-preview:large, max-video-preview:-1\" \/>\n<link rel=\"canonical\" href=\"https:\/\/www.d-day-publishing.com\/donnees-personnelles\/\" \/>\n<meta property=\"og:locale\" content=\"en_US\" \/>\n<meta property=\"og:type\" content=\"article\" \/>\n<meta property=\"og:title\" content=\"Donn\u00e9es Personnelles - DDay Publishing\" \/>\n<meta property=\"og:description\" content=\"Pour l&#8217;ensemble de ces Traitements, la soci\u00e9t\u00e9 CARENTAN HISTORICAL CENTER est l&#8217;entit\u00e9 qui d\u00e9termine les moyens et les finalit\u00e9s et agit ainsi en qualit\u00e9 de Responsable de traitement au sens de la r\u00e9glementation applicable en mati\u00e8re de protection des donn\u00e9es personnelles et notamment du R\u00e8glement UE 2016\/679 relatif \u00e0 la protection des personnes physiques \u00e0 [&hellip;]\" \/>\n<meta property=\"og:url\" content=\"https:\/\/www.d-day-publishing.com\/donnees-personnelles\/\" \/>\n<meta property=\"og:site_name\" content=\"DDay Publishing\" \/>\n<meta property=\"article:publisher\" content=\"https:\/\/www.facebook.com\/D.Day.Publishing\" \/>\n<meta name=\"twitter:card\" content=\"summary_large_image\" \/>\n<meta name=\"twitter:label1\" content=\"Est. reading time\" \/>\n\t<meta name=\"twitter:data1\" content=\"5 minutes\" \/>\n<script type=\"application\/ld+json\" class=\"yoast-schema-graph\">{\"@context\":\"https:\/\/schema.org\",\"@graph\":[{\"@type\":\"WebPage\",\"@id\":\"https:\/\/www.d-day-publishing.com\/donnees-personnelles\/\",\"url\":\"https:\/\/www.d-day-publishing.com\/donnees-personnelles\/\",\"name\":\"Donn\u00e9es Personnelles - DDay Publishing\",\"isPartOf\":{\"@id\":\"https:\/\/www.d-day-publishing.com\/#website\"},\"datePublished\":\"2023-10-31T16:01:56+00:00\",\"breadcrumb\":{\"@id\":\"https:\/\/www.d-day-publishing.com\/donnees-personnelles\/#breadcrumb\"},\"inLanguage\":\"en-US\",\"potentialAction\":[{\"@type\":\"ReadAction\",\"target\":[\"https:\/\/www.d-day-publishing.com\/donnees-personnelles\/\"]}]},{\"@type\":\"BreadcrumbList\",\"@id\":\"https:\/\/www.d-day-publishing.com\/donnees-personnelles\/#breadcrumb\",\"itemListElement\":[{\"@type\":\"ListItem\",\"position\":1,\"name\":\"Accueil\",\"item\":\"https:\/\/www.d-day-publishing.com\/\"},{\"@type\":\"ListItem\",\"position\":2,\"name\":\"Donn\u00e9es Personnelles\"}]},{\"@type\":\"WebSite\",\"@id\":\"https:\/\/www.d-day-publishing.com\/#website\",\"url\":\"https:\/\/www.d-day-publishing.com\/\",\"name\":\"DDay Publishing\",\"description\":\"\",\"publisher\":{\"@id\":\"https:\/\/www.d-day-publishing.com\/#organization\"},\"potentialAction\":[{\"@type\":\"SearchAction\",\"target\":{\"@type\":\"EntryPoint\",\"urlTemplate\":\"https:\/\/www.d-day-publishing.com\/?s={search_term_string}\"},\"query-input\":{\"@type\":\"PropertyValueSpecification\",\"valueRequired\":true,\"valueName\":\"search_term_string\"}}],\"inLanguage\":\"en-US\"},{\"@type\":\"Organization\",\"@id\":\"https:\/\/www.d-day-publishing.com\/#organization\",\"name\":\"DDay Publishing\",\"url\":\"https:\/\/www.d-day-publishing.com\/\",\"logo\":{\"@type\":\"ImageObject\",\"inLanguage\":\"en-US\",\"@id\":\"https:\/\/www.d-day-publishing.com\/#\/schema\/logo\/image\/\",\"url\":\"https:\/\/www.d-day-publishing.com\/wp-content\/uploads\/2023\/10\/logoDDayPublishing-impressionNoir-01-3.png\",\"contentUrl\":\"https:\/\/www.d-day-publishing.com\/wp-content\/uploads\/2023\/10\/logoDDayPublishing-impressionNoir-01-3.png\",\"width\":1181,\"height\":743,\"caption\":\"DDay Publishing\"},\"image\":{\"@id\":\"https:\/\/www.d-day-publishing.com\/#\/schema\/logo\/image\/\"},\"sameAs\":[\"https:\/\/www.facebook.com\/D.Day.Publishing\"]}]}<\/script>\n<!-- \/ Yoast SEO plugin. -->","yoast_head_json":{"title":"Donn\u00e9es Personnelles - DDay Publishing","robots":{"index":"index","follow":"follow","max-snippet":"max-snippet:-1","max-image-preview":"max-image-preview:large","max-video-preview":"max-video-preview:-1"},"canonical":"https:\/\/www.d-day-publishing.com\/donnees-personnelles\/","og_locale":"en_US","og_type":"article","og_title":"Donn\u00e9es Personnelles - DDay Publishing","og_description":"Pour l&#8217;ensemble de ces Traitements, la soci\u00e9t\u00e9 CARENTAN HISTORICAL CENTER est l&#8217;entit\u00e9 qui d\u00e9termine les moyens et les finalit\u00e9s et agit ainsi en qualit\u00e9 de Responsable de traitement au sens de la r\u00e9glementation applicable en mati\u00e8re de protection des donn\u00e9es personnelles et notamment du R\u00e8glement UE 2016\/679 relatif \u00e0 la protection des personnes physiques \u00e0 [&hellip;]","og_url":"https:\/\/www.d-day-publishing.com\/donnees-personnelles\/","og_site_name":"DDay Publishing","article_publisher":"https:\/\/www.facebook.com\/D.Day.Publishing","twitter_card":"summary_large_image","twitter_misc":{"Est. reading time":"5 minutes"},"schema":{"@context":"https:\/\/schema.org","@graph":[{"@type":"WebPage","@id":"https:\/\/www.d-day-publishing.com\/donnees-personnelles\/","url":"https:\/\/www.d-day-publishing.com\/donnees-personnelles\/","name":"Donn\u00e9es Personnelles - DDay Publishing","isPartOf":{"@id":"https:\/\/www.d-day-publishing.com\/#website"},"datePublished":"2023-10-31T16:01:56+00:00","breadcrumb":{"@id":"https:\/\/www.d-day-publishing.com\/donnees-personnelles\/#breadcrumb"},"inLanguage":"en-US","potentialAction":[{"@type":"ReadAction","target":["https:\/\/www.d-day-publishing.com\/donnees-personnelles\/"]}]},{"@type":"BreadcrumbList","@id":"https:\/\/www.d-day-publishing.com\/donnees-personnelles\/#breadcrumb","itemListElement":[{"@type":"ListItem","position":1,"name":"Accueil","item":"https:\/\/www.d-day-publishing.com\/"},{"@type":"ListItem","position":2,"name":"Donn\u00e9es Personnelles"}]},{"@type":"WebSite","@id":"https:\/\/www.d-day-publishing.com\/#website","url":"https:\/\/www.d-day-publishing.com\/","name":"DDay Publishing","description":"","publisher":{"@id":"https:\/\/www.d-day-publishing.com\/#organization"},"potentialAction":[{"@type":"SearchAction","target":{"@type":"EntryPoint","urlTemplate":"https:\/\/www.d-day-publishing.com\/?s={search_term_string}"},"query-input":{"@type":"PropertyValueSpecification","valueRequired":true,"valueName":"search_term_string"}}],"inLanguage":"en-US"},{"@type":"Organization","@id":"https:\/\/www.d-day-publishing.com\/#organization","name":"DDay Publishing","url":"https:\/\/www.d-day-publishing.com\/","logo":{"@type":"ImageObject","inLanguage":"en-US","@id":"https:\/\/www.d-day-publishing.com\/#\/schema\/logo\/image\/","url":"https:\/\/www.d-day-publishing.com\/wp-content\/uploads\/2023\/10\/logoDDayPublishing-impressionNoir-01-3.png","contentUrl":"https:\/\/www.d-day-publishing.com\/wp-content\/uploads\/2023\/10\/logoDDayPublishing-impressionNoir-01-3.png","width":1181,"height":743,"caption":"DDay Publishing"},"image":{"@id":"https:\/\/www.d-day-publishing.com\/#\/schema\/logo\/image\/"},"sameAs":["https:\/\/www.facebook.com\/D.Day.Publishing"]}]}},"_links":{"self":[{"href":"https:\/\/www.d-day-publishing.com\/en\/wp-json\/wp\/v2\/pages\/425875","targetHints":{"allow":["GET"]}}],"collection":[{"href":"https:\/\/www.d-day-publishing.com\/en\/wp-json\/wp\/v2\/pages"}],"about":[{"href":"https:\/\/www.d-day-publishing.com\/en\/wp-json\/wp\/v2\/types\/page"}],"author":[{"embeddable":true,"href":"https:\/\/www.d-day-publishing.com\/en\/wp-json\/wp\/v2\/users\/1"}],"replies":[{"embeddable":true,"href":"https:\/\/www.d-day-publishing.com\/en\/wp-json\/wp\/v2\/comments?post=425875"}],"version-history":[{"count":0,"href":"https:\/\/www.d-day-publishing.com\/en\/wp-json\/wp\/v2\/pages\/425875\/revisions"}],"wp:attachment":[{"href":"https:\/\/www.d-day-publishing.com\/en\/wp-json\/wp\/v2\/media?parent=425875"}],"curies":[{"name":"wp","href":"https:\/\/api.w.org\/{rel}","templated":true}]}}